{"id":471,"date":"2018-04-03T12:42:44","date_gmt":"2018-04-03T12:42:44","guid":{"rendered":"http:\/\/www.crassoyoregioni.com.ar\/paisajesdomesticados\/?page_id=471"},"modified":"2024-04-11T13:44:49","modified_gmt":"2024-04-11T16:44:49","slug":"el-espacio-y-el-tiempo","status":"publish","type":"page","link":"http:\/\/www.saantropologia.com.ar\/territorios-ancestrales\/el-espacio-y-el-tiempo\/","title":{"rendered":"La quebrada de Los Corrales, un \u00e1rea con 7800 a\u00f1os de historia"},"content":{"rendered":"\n<p>Revisi\u00f3n acad\u00e9mica: Nurit Oliszewski, Jorge G. Mart\u00ednez, Eugenia Di Lullo, Mat\u00edas Gramajo\nB\u00fchler, Guillermo Arreguez y Alexis Coronel<\/p>\n\n\n<p><a href=\"http:\/\/www.saantropologia.com.ar\/territorios-ancestrales\/wp-content\/uploads\/2020\/05\/QC_Fig-1-final.jpg\" data-lightbox=\"gal[471]\"><img loading=\"lazy\" decoding=\"async\" class=\"size-full wp-image-1022 aligncenter\" src=\"http:\/\/www.saantropologia.com.ar\/territorios-ancestrales\/wp-content\/uploads\/2020\/05\/QC_Fig-1-final.jpg\" alt=\"\" width=\"3456\" height=\"2592\" srcset=\"http:\/\/www.saantropologia.com.ar\/territorios-ancestrales\/wp-content\/uploads\/2020\/05\/QC_Fig-1-final.jpg 3456w, http:\/\/www.saantropologia.com.ar\/territorios-ancestrales\/wp-content\/uploads\/2020\/05\/QC_Fig-1-final-300x225.jpg 300w, http:\/\/www.saantropologia.com.ar\/territorios-ancestrales\/wp-content\/uploads\/2020\/05\/QC_Fig-1-final-768x576.jpg 768w, http:\/\/www.saantropologia.com.ar\/territorios-ancestrales\/wp-content\/uploads\/2020\/05\/QC_Fig-1-final-1024x768.jpg 1024w\" sizes=\"auto, (max-width: 3456px) 100vw, 3456px\" \/><\/a><\/p>\n<p>La quebrada recorrida por el r\u00edo de Los Corrales se encuentra en el oeste de la provincia de Tucum\u00e1n, m\u00e1s precisamente en el sector norte de la sierra del Aconquija, en la zona que se conoce como abra de El Infiernillo. Los equipos de arqueolog\u00eda han encontrado evidencias de que esa quebrada, a m\u00e1s de 3000 metros sobre el nivel del mar, estuvo ocupada desde tiempos muy remotos. Los restos m\u00e1s antiguos \u2212puntas de proyectiles y fragmentos de huesos de animales que sirvieron de alimento a las personas\u2212 corresponden a cazadores que vivieron hace unos 7800 a\u00f1os.<\/p>\n<h3><strong>Los sitios arqueol\u00f3gicos de la quebrada<\/strong><\/h3>\n<p>Los sitios arqueol\u00f3gicos se ubican en las cuencas inferior, media y superior del r\u00edo de Los Corrales. En este croquis dibujado sobre una fotograf\u00eda a\u00e9rea se los represent\u00f3 con distintos colores.<a href=\"http:\/\/www.saantropologia.com.ar\/territorios-ancestrales\/wp-content\/uploads\/2020\/05\/QC_Fig-2-final.jpg\" data-lightbox=\"gal[471]\"><img loading=\"lazy\" decoding=\"async\" class=\"size-full wp-image-1023 aligncenter\" src=\"http:\/\/www.saantropologia.com.ar\/territorios-ancestrales\/wp-content\/uploads\/2020\/05\/QC_Fig-2-final.jpg\" alt=\"\" width=\"2132\" height=\"2274\" srcset=\"http:\/\/www.saantropologia.com.ar\/territorios-ancestrales\/wp-content\/uploads\/2020\/05\/QC_Fig-2-final.jpg 2132w, http:\/\/www.saantropologia.com.ar\/territorios-ancestrales\/wp-content\/uploads\/2020\/05\/QC_Fig-2-final-281x300.jpg 281w, http:\/\/www.saantropologia.com.ar\/territorios-ancestrales\/wp-content\/uploads\/2020\/05\/QC_Fig-2-final-768x819.jpg 768w, http:\/\/www.saantropologia.com.ar\/territorios-ancestrales\/wp-content\/uploads\/2020\/05\/QC_Fig-2-final-960x1024.jpg 960w\" sizes=\"auto, (max-width: 2132px) 100vw, 2132px\" \/><\/a><\/p>\n<p><\/p>\n<ul>\n<li>En la cuenca inferior est\u00e1n los sitios Cueva de Los Corrales 1 y 2, se\u00f1alados en el croquis con puntos de color rojo (Cc1 y Cc2).<\/li>\n<li>En la cuenca media y superior, hay \u00e1reas agr\u00edcolas que ocupan unas 500 hect\u00e1reas, se\u00f1aladas con verde en el croquis. Son terrazas de cultivo ubicadas en las laderas de los cerros, lejos de los cursos de agua. Esto significa que los cultivos solo depend\u00edan del agua de las lluvias. Dispersos tanto en los campos de cultivo como por fuera de ellos, existen numerosas estructuras circulares de piedra que est\u00e1n indicadas con puntos de color naranja. A\u00fan se desconoce el uso que ten\u00edan estos recintos; algunos podr\u00edan haber sido utilizados como corrales, otros para resguardar ciertos cultivos o bien como habitaciones.<\/li>\n<li>En la cuenca superior est\u00e1 la aldea de Puesto Viejo con sus dos sectores, uno a cada lado del r\u00edo (Pv1 y Pv2). La aldea est\u00e1 compuesta por unas 85 viviendas. En el croquis, esta zona est\u00e1 pintada de amarillo.<\/li>\n<\/ul>\n<h3><strong>Cueva de Los Corrales 1, un sitio de funciones m\u00faltiples<\/strong><\/h3>\n<p>En Cueva de Los Corrales 1 el equipo de investigadores hall\u00f3 catorce morteros cavados en su piso rocoso. Muchos de ellos parecen haber sido rellenados intencionalmente con restos animales, vegetales y minerales puestos a presi\u00f3n y luego \u201csellados\u201d con arcilla.<\/p>\n<p>Al parecer, aqu\u00ed no se viv\u00eda de manera permanente, sino que el sitio se usaba para realizar distintas actividades, como procesar alimentos, producir pigmentos para decorar las piezas de cer\u00e1mica o fabricar artefactos de piedra.<\/p>\n<h3><strong>La aldea y los campos de cultivo<\/strong><\/h3>\n<p>En el sector denominado Puesto Viejo se encontraron restos de 85 viviendas construidas en piedra. En el pasado pueden haber sido m\u00e1s, ya que se ven algunos restos de construcciones destruidos por las lluvias. Los hallazgos encontrados en esta aldea (vasijas de cer\u00e1mica, herramientas de piedra, huesos humanos y de animales, restos vegetales) permiten saber que estuvo habitada entre 1850 y 1550 a\u00f1os antes del presente. Los campos de cultivo y los corrales datan de esa misma \u00e9poca.<\/p>\n<p><a href=\"http:\/\/www.saantropologia.com.ar\/territorios-ancestrales\/wp-content\/uploads\/2018\/12\/Vivienda.jpg\" data-lightbox=\"gal[471]\"><img loading=\"lazy\" decoding=\"async\" class=\"wp-image-565 aligncenter\" src=\"http:\/\/www.saantropologia.com.ar\/territorios-ancestrales\/wp-content\/uploads\/2018\/12\/Vivienda.jpg\" alt=\"\" width=\"600\" height=\"452\" srcset=\"http:\/\/www.saantropologia.com.ar\/territorios-ancestrales\/wp-content\/uploads\/2018\/12\/Vivienda.jpg 1263w, http:\/\/www.saantropologia.com.ar\/territorios-ancestrales\/wp-content\/uploads\/2018\/12\/Vivienda-300x226.jpg 300w, http:\/\/www.saantropologia.com.ar\/territorios-ancestrales\/wp-content\/uploads\/2018\/12\/Vivienda-768x578.jpg 768w, http:\/\/www.saantropologia.com.ar\/territorios-ancestrales\/wp-content\/uploads\/2018\/12\/Vivienda-1024x770.jpg 1024w\" sizes=\"auto, (max-width: 600px) 100vw, 600px\" \/><\/a><\/p>\n<h5>Esquema de una vivienda. Las viviendas ten\u00edan una forma que es com\u00fan en toda la zona de Taf\u00ed, desde Puesto Viejo hasta El Mollar: un patio central rodeado de recintos m\u00e1s peque\u00f1os (entre 2 y 5). En el caso de la Quebrada de Los Corrales las distintas viviendas se encuentran separadas por distancias de entre 5 y 20 metros.<\/h5>\n<p><a href=\"http:\/\/www.saantropologia.com.ar\/territorios-ancestrales\/wp-content\/uploads\/2020\/05\/Campos-de-cultivo-2.jpg\" data-lightbox=\"gal[471]\"><img loading=\"lazy\" decoding=\"async\" class=\"wp-image-832 aligncenter\" src=\"http:\/\/www.saantropologia.com.ar\/territorios-ancestrales\/wp-content\/uploads\/2020\/05\/Campos-de-cultivo-2.jpg\" alt=\"\" width=\"600\" height=\"400\" srcset=\"http:\/\/www.saantropologia.com.ar\/territorios-ancestrales\/wp-content\/uploads\/2020\/05\/Campos-de-cultivo-2.jpg 1404w, http:\/\/www.saantropologia.com.ar\/territorios-ancestrales\/wp-content\/uploads\/2020\/05\/Campos-de-cultivo-2-300x200.jpg 300w, http:\/\/www.saantropologia.com.ar\/territorios-ancestrales\/wp-content\/uploads\/2020\/05\/Campos-de-cultivo-2-768x512.jpg 768w, http:\/\/www.saantropologia.com.ar\/territorios-ancestrales\/wp-content\/uploads\/2020\/05\/Campos-de-cultivo-2-1024x683.jpg 1024w\" sizes=\"auto, (max-width: 600px) 100vw, 600px\" \/><\/a><\/p>\n<h5><a href=\"http:\/\/www.saantropologia.com.ar\/territorios-ancestrales\/wp-content\/uploads\/2020\/05\/QC-corrales-y-canchones-4.jpg\" data-lightbox=\"gal[471]\"><img loading=\"lazy\" decoding=\"async\" class=\"wp-image-982 aligncenter\" src=\"http:\/\/www.saantropologia.com.ar\/territorios-ancestrales\/wp-content\/uploads\/2020\/05\/QC-corrales-y-canchones-4.jpg\" alt=\"\" width=\"600\" height=\"539\" srcset=\"http:\/\/www.saantropologia.com.ar\/territorios-ancestrales\/wp-content\/uploads\/2020\/05\/QC-corrales-y-canchones-4.jpg 1182w, http:\/\/www.saantropologia.com.ar\/territorios-ancestrales\/wp-content\/uploads\/2020\/05\/QC-corrales-y-canchones-4-300x270.jpg 300w, http:\/\/www.saantropologia.com.ar\/territorios-ancestrales\/wp-content\/uploads\/2020\/05\/QC-corrales-y-canchones-4-768x691.jpg 768w, http:\/\/www.saantropologia.com.ar\/territorios-ancestrales\/wp-content\/uploads\/2020\/05\/QC-corrales-y-canchones-4-1024x921.jpg 1024w\" sizes=\"auto, (max-width: 600px) 100vw, 600px\" \/><\/a><\/h5>\n<h5>Campos de cultivo. En la segunda foto, tres estructuras pastoriles adosadas (tienen entre 20 y 25 metros de di\u00e1metro) dentro del \u00e1rea de cultivo.<\/h5>\n<p>En Puesto Viejo se han encontrado artefactos hechos con rocas de la zona \u2212puntas de flechas, morteros y manos de moler\u2212, fragmentos de piezas de cer\u00e1mica, restos de animales \u2212llamas, c\u00e9rvidos, quirquinchos\u2212 y restos de plantas alimenticias, como el ma\u00edz, la quinua, el cha\u00f1ar y el algarrobo.<\/p>\n<h3><strong>El sitio arqueol\u00f3gico Taller Puesto Viejo 1<\/strong><\/h3>\n<p>Hace pocos a\u00f1os, el equipo de arqueolog\u00eda encontr\u00f3 al sur de Puesto Viejo otro sitio al que llamaron Taller Puesto Viejo 1. Lo m\u00e1s interesante de este sitio es la duraci\u00f3n de su ocupaci\u00f3n: los restos m\u00e1s antiguos hallados all\u00ed tienen unos 7800 a\u00f1os; los m\u00e1s recientes, 1750. Esto significa que el sitio fue utilizado en distintos momentos, a lo largo de varios milenios de historia en el lugar.<\/p>\n<h3><strong>Lo que cuentan los morteros y las manos de moler<\/strong><\/h3>\n<p>En Puesto Viejo 1 se encontraron varios morteros y manos de moler de hace 3800 a\u00f1os. Est\u00e1n confeccionados en granito, un tipo de roca del lugar que es f\u00e1cil de obtener. Eran empleados para moler tanto los vegetales que se recolectaban \u2212algarrobo, cha\u00f1ar\u2212, como los cultivados \u2013ma\u00edz y quinua\u2212. Como se trata de artefactos pesados, no se los puede acarrear a trav\u00e9s de largas distancias. Por eso su presencia en un sitio arqueol\u00f3gico indica que ese sitio estuvo ocupado de forma permanente o al menos de manera regular, para volver a utilizarlos.<\/p>\n<h3><strong>Una larga ocupaci\u00f3n \u00bfcon un final abrupto?<\/strong><\/h3>\n<p>La quebrada de Los Corrales estuvo ocupada durante varios milenios. Al parecer hubo una continuidad entre los grupos que vivieron hace 3800 a\u00f1os y los que ocuparon la zona dos mil a\u00f1os m\u00e1s tarde, hace 1800 a\u00f1os. Luego, la quebrada de Los Corrales solo fue, posiblemente, un espacio de circulaci\u00f3n, o un lugar para el pastoreo estacional de llamas. Lo cierto es que no hay all\u00ed ninguna evidencia de ocupaci\u00f3n permanente. \u00bfPor qu\u00e9 no hay hallazgos de este tipo que tengan menos de 1550 a\u00f1os?<\/p>\n<p>Una capa de cenizas blanquecinas hallada en las capas intermedias de la excavaci\u00f3n de una de las viviendas de Puesto Viejo y otro dep\u00f3sito del mismo material en capas naturales de sedimentos cerca del r\u00edo hacen suponer que la aldea fue abandonada debido a alguna erupci\u00f3n volc\u00e1nica ocurrida en otra regi\u00f3n pero cuyas cenizas afectaron el agua y los suelos, inutiliz\u00e1ndolos para la vida de las personas, los animales y las plantas. Si eso fuera cierto, a\u00fan queda pendiente explicar por qu\u00e9 la quebrada no fue reocupada con posterioridad a ese episodio.<\/p>\n<p><\/p>\n<p><strong>Para saber m\u00e1s<\/strong>. Nurit Oliszewski, Jorge G. Mart\u00ednez, Eugenia Di Lullo, C. Mat\u00edas Gramajo B\u00fchler, Guillermo A. Arreguez, Hern\u00e1n Cruz, Eduardo P. Mauri, Cecilia Mercuri, Ana C. Muntaner y M. Gabriela Srur: \u201cContribuciones al estudio de sociedades aldeanas en el Noroeste argentino: el caso de la Quebrada de Los Corrales (El Infiernillo, Tucum\u00e1n), en <a href=\"http:\/\/www.saantropologia.com.ar\/wp-content\/uploads\/2016\/01\/CRONICAS-MATERIALES-PRECOLOMBINAS2015.pdf\"><em>Cr\u00f3nicas materiales precolombinas<\/em><\/a>, p\u00e1ginas 51 a 79.<\/p>\n<p><strong>Cr\u00e9ditos<\/strong><\/p>\n<p><strong>Fotograf\u00eda de apertura. <\/strong>Jorge Mart\u00ednez.<\/p>\n<p><strong>Otras fotograf\u00edas y esquemas.<\/strong> Nurit Oliszewski, Jorge G. Mart\u00ednez, Eugenia Di Lullo, C. Mat\u00edas Gramajo B\u00fchler, Guillermo A. Arreguez, Hern\u00e1n Cruz, Eduardo P. Mauri, Cecilia Mercuri, Ana C. Muntaner y M. Gabriela Srur: \u201cContribuciones al estudio de sociedades aldeanas en el Noroeste argentino: el caso de la Quebrada de Los Corrales (El Infiernillo, Tucum\u00e1n), en <a href=\"http:\/\/www.saantropologia.com.ar\/wp-content\/uploads\/2016\/01\/CRONICAS-MATERIALES-PRECOLOMBINAS2015.pdf\"><em>Cr\u00f3nicas materiales precolombinas<\/em><\/a>, p\u00e1ginas 53, 56 y 57.<\/p>","protected":false},"excerpt":{"rendered":"<p>Revisi\u00f3n acad\u00e9mica: Nurit Oliszewski, Jorge G. Mart\u00ednez, Eugenia Di Lullo, Mat\u00edas Gramajo B\u00fchler, Guillermo Arreguez y Alexis Coronel La quebrada recorrida por el r\u00edo de Los Corrales se encuentra en el oeste de la provincia de Tucum\u00e1n, m\u00e1s precisamente en el sector norte de la sierra del Aconquija, en la zona que se conoce como abra de El Infiernillo. Los equipos de arqueolog\u00eda han encontrado evidencias de que esa [&hellip;]<\/p>\n","protected":false},"author":1,"featured_media":0,"parent":0,"menu_order":0,"comment_status":"closed","ping_status":"closed","template":"","meta":{"footnotes":""},"class_list":["post-471","page","type-page","status-publish","hentry"],"_links":{"self":[{"href":"http:\/\/www.saantropologia.com.ar\/territorios-ancestrales\/wp-json\/wp\/v2\/pages\/471","targetHints":{"allow":["GET"]}}],"collection":[{"href":"http:\/\/www.saantropologia.com.ar\/territorios-ancestrales\/wp-json\/wp\/v2\/pages"}],"about":[{"href":"http:\/\/www.saantropologia.com.ar\/territorios-ancestrales\/wp-json\/wp\/v2\/types\/page"}],"author":[{"embeddable":true,"href":"http:\/\/www.saantropologia.com.ar\/territorios-ancestrales\/wp-json\/wp\/v2\/users\/1"}],"replies":[{"embeddable":true,"href":"http:\/\/www.saantropologia.com.ar\/territorios-ancestrales\/wp-json\/wp\/v2\/comments?post=471"}],"version-history":[{"count":27,"href":"http:\/\/www.saantropologia.com.ar\/territorios-ancestrales\/wp-json\/wp\/v2\/pages\/471\/revisions"}],"predecessor-version":[{"id":1284,"href":"http:\/\/www.saantropologia.com.ar\/territorios-ancestrales\/wp-json\/wp\/v2\/pages\/471\/revisions\/1284"}],"wp:attachment":[{"href":"http:\/\/www.saantropologia.com.ar\/territorios-ancestrales\/wp-json\/wp\/v2\/media?parent=471"}],"curies":[{"name":"wp","href":"https:\/\/api.w.org\/{rel}","templated":true}]}}