{"id":453,"date":"2018-04-03T12:39:25","date_gmt":"2018-04-03T12:39:25","guid":{"rendered":"http:\/\/www.crassoyoregioni.com.ar\/paisajesdomesticados\/?page_id=453"},"modified":"2024-08-14T19:26:14","modified_gmt":"2024-08-14T22:26:14","slug":"los-muertos-entre-los-vivos","status":"publish","type":"page","link":"http:\/\/www.saantropologia.com.ar\/territorios-ancestrales\/los-muertos-entre-los-vivos\/","title":{"rendered":"Los ancestros entre los vivos"},"content":{"rendered":"<p><a href=\"http:\/\/www.saantropologia.com.ar\/territorios-ancestrales\/wp-content\/uploads\/2020\/05\/P1C12-web.jpg\" data-lightbox=\"gal[453]\"><img loading=\"lazy\" decoding=\"async\" class=\"wp-image-732 aligncenter\" src=\"http:\/\/www.saantropologia.com.ar\/territorios-ancestrales\/wp-content\/uploads\/2020\/05\/P1C12-web.jpg\" alt=\"\" width=\"833\" height=\"620\" srcset=\"http:\/\/www.saantropologia.com.ar\/territorios-ancestrales\/wp-content\/uploads\/2020\/05\/P1C12-web.jpg 630w, http:\/\/www.saantropologia.com.ar\/territorios-ancestrales\/wp-content\/uploads\/2020\/05\/P1C12-web-300x223.jpg 300w\" sizes=\"auto, (max-width: 833px) 100vw, 833px\" \/><\/a><\/p>\n<p>Las comunidades prehisp\u00e1nicas evocaban a los antepasados con sumo respeto y los veneraban de diferentes maneras, algo que tambi\u00e9n se observa actualmente en muchos lugares de los Andes. En esas comunidades la importancia de los ancestros familiares era tal que interven\u00edan en las ceremonias tradicionales como si fueran participantes vivos.<\/p>\n<p>Varios documentos escritos en la \u00e9poca colonial contienen descripciones y comentarios al respecto, y los trabajos arqueol\u00f3gicos y etnogr\u00e1ficos muestran que la relaci\u00f3n de los vivos con los antepasados pod\u00eda expresarse por distintas v\u00edas y con materiales diversos.<\/p>\n<p>Uno de los materiales m\u00e1s adecuados para la evocaci\u00f3n y el mantenimiento de la memoria es la piedra, debido a su perdurabilidad. La piedra, a diferencia de la madera, que se descompone, o incluso de los metales, que se corroen, es un material que se preserva relativamente estable a lo largo del tiempo, por lo que es especialmente apto para encarnar lo que es imperecedero.<\/p>\n<p>Los ancestros se manten\u00edan vigentes a trav\u00e9s de la erecci\u00f3n de monumentos, esculturas o estelas, la colocaci\u00f3n de m\u00e1scaras de piedra en sus tumbas y otras acciones que conservaban su memoria por largo tiempo. Los entierros humanos, ubicados en las mismas viviendas o cerca de ellas, como sucede en varios sitios arqueol\u00f3gicos, son una buena muestra de la presencia de los antepasados en el paisaje y la vida cotidiana. Por su parte, los monolitos erigidos en varios puntos de la zona andina de Sudam\u00e9rica podr\u00edan ser monolitos huanca, es decir que ellos mismos ser\u00edan antepasados de una comunidad. Un ejemplo son los que se encuentran en el valle de Taf\u00ed, en Tucum\u00e1n.<\/p>\n<p><a href=\"http:\/\/www.saantropologia.com.ar\/territorios-ancestrales\/wp-content\/uploads\/2020\/05\/monolitos.jpg\" data-lightbox=\"gal[453]\"><img loading=\"lazy\" decoding=\"async\" class=\"aligncenter wp-image-734 size-large\" src=\"http:\/\/www.saantropologia.com.ar\/territorios-ancestrales\/wp-content\/uploads\/2020\/05\/monolitos-728x1024.jpg\" alt=\"\" width=\"630\" height=\"886\" srcset=\"http:\/\/www.saantropologia.com.ar\/territorios-ancestrales\/wp-content\/uploads\/2020\/05\/monolitos-728x1024.jpg 728w, http:\/\/www.saantropologia.com.ar\/territorios-ancestrales\/wp-content\/uploads\/2020\/05\/monolitos-213x300.jpg 213w, http:\/\/www.saantropologia.com.ar\/territorios-ancestrales\/wp-content\/uploads\/2020\/05\/monolitos-768x1080.jpg 768w, http:\/\/www.saantropologia.com.ar\/territorios-ancestrales\/wp-content\/uploads\/2020\/05\/monolitos.jpg 1839w\" sizes=\"auto, (max-width: 630px) 100vw, 630px\" \/><\/a><\/p>\n<h5>Arriba: estas fotograf\u00edas tomadas hace casi un siglo muestran los monolitos huancas todav\u00eda erguidos en ambas m\u00e1rgenes del r\u00edo del\u00a0Rinc\u00f3n, en la zona de El Mollar. Centro y abajo: im\u00e1genes de los monolitos llamados Bruch y Ambrosetti. El mapa muestra la ubicaci\u00f3n de estos monolitos en el \u00e1rea de El Mollar.<\/h5>\n<h3><strong>Ancestros de piedra: monolitos, esculturas e im\u00e1genes con rostros humanos<\/strong><\/h3>\n<p>Los monolitos de la localidad de El Mollar, en el valle de Taf\u00ed, Tucum\u00e1n, fueron descritos por primera vez en 1897 y desde ese momento tuvieron varios traslados a diferentes puntos del mismo valle.<\/p>\n<p>Los de Taf\u00ed no son los \u00fanicos ejemplares de este tipo, ya que en distintos lugares de la zona andina de Am\u00e9rica del Sur se han encontrado monolitos levantados por comunidades prehisp\u00e1nicas.<\/p>\n<p>La altura de los de El Mollar es superior a la humana y uno de ellos tiene m\u00e1s de 4 metros; su forma es prism\u00e1tica, aguzada en la punta. Por testimonios de cronistas espa\u00f1oles se sabe que los monolitos de este tipo pod\u00edan estar adornados con plumas o tejidos. Algunos tienen grabados geom\u00e9tricos en una sola de sus caras; otros tienen caracter\u00edsticas humanas o animales, siempre con una cara principal. Esto significa que en el momento en que fueron levantados y colocados en un lugar debieron ser tambi\u00e9n orientados para que \u201cmirasen\u201d en una direcci\u00f3n determinada.<\/p>\n<p>La dimensi\u00f3n vertical de los monolitos y su ubicaci\u00f3n en lugares altos hablan de sus roles: alejar el mal, tutelar la comunidad y proteger los campos y los reba\u00f1os. Los conocimientos, el tiempo y el arduo trabajo que sin duda requer\u00eda seleccionar las piedras, darles la forma adecuada, trasladarlas y emplazarlas implican que su funci\u00f3n deb\u00eda ser muy importante en la comunidad<\/p>\n<p>Varios estudios arqueol\u00f3gicos han hallado en distintos sitios del Noroeste otros artefactos que representan cabezas y caras de personas: las cabezas con rasgos humanos \u2212con una clavija en la parte de atr\u00e1s para empotrarlas\u2212 encontradas en el valle de Taf\u00ed y en los sitios arqueol\u00f3gicos del Alamito, en Catamarca, las caras grabadas o pintadas en paredes de cuevas o abrigos, las m\u00e1scaras funerarias las esculturas de piedra conocidas como suplicantes, que parecen representar personas arrodilladas, sosteni\u00e9ndose la cabeza con las manos. Todos estos objetos e im\u00e1genes podr\u00edan ser diversas manifestaciones materiales de fuerzas ancestrales.<\/p>\n<p>Esas manifestaciones no tienen el mismo significado: la m\u00e1scara funeraria o huauqui, por ejemplo, cumple la funci\u00f3n de doble de la persona a la que acompa\u00f1a (en este sentido en los entierros, las m\u00e1scaras ser\u00edan el doble de la persona muerta); en cambio los huanca, encarnados en los monolitos, son los muertos en el mundo de los vivos.<\/p>\n<div id='gallery-1' class='gallery galleryid-453 gallery-columns-2 gallery-size-full'><figure class='gallery-item'>\n\t\t\t<div class='gallery-icon portrait'>\n\t\t\t\t<a href='http:\/\/www.saantropologia.com.ar\/territorios-ancestrales\/005-mascara-imp\/'><img loading=\"lazy\" decoding=\"async\" width=\"1646\" height=\"2219\" src=\"http:\/\/www.saantropologia.com.ar\/territorios-ancestrales\/wp-content\/uploads\/2024\/08\/005.-mascara-imp.jpg\" class=\"attachment-full size-full\" alt=\"\" srcset=\"http:\/\/www.saantropologia.com.ar\/territorios-ancestrales\/wp-content\/uploads\/2024\/08\/005.-mascara-imp.jpg 1646w, http:\/\/www.saantropologia.com.ar\/territorios-ancestrales\/wp-content\/uploads\/2024\/08\/005.-mascara-imp-223x300.jpg 223w, http:\/\/www.saantropologia.com.ar\/territorios-ancestrales\/wp-content\/uploads\/2024\/08\/005.-mascara-imp-760x1024.jpg 760w, http:\/\/www.saantropologia.com.ar\/territorios-ancestrales\/wp-content\/uploads\/2024\/08\/005.-mascara-imp-768x1035.jpg 768w, http:\/\/www.saantropologia.com.ar\/territorios-ancestrales\/wp-content\/uploads\/2024\/08\/005.-mascara-imp-1139x1536.jpg 1139w, http:\/\/www.saantropologia.com.ar\/territorios-ancestrales\/wp-content\/uploads\/2024\/08\/005.-mascara-imp-1519x2048.jpg 1519w\" sizes=\"auto, (max-width: 1646px) 100vw, 1646px\" \/><\/a>\n\t\t\t<\/div><\/figure><figure class='gallery-item'>\n\t\t\t<div class='gallery-icon portrait'>\n\t\t\t\t<a href='http:\/\/www.saantropologia.com.ar\/territorios-ancestrales\/los-muertos-entre-los-vivos\/suplicante\/'><img loading=\"lazy\" decoding=\"async\" width=\"2498\" height=\"3376\" src=\"http:\/\/www.saantropologia.com.ar\/territorios-ancestrales\/wp-content\/uploads\/2020\/05\/suplicante.jpg\" class=\"attachment-full size-full\" alt=\"\" srcset=\"http:\/\/www.saantropologia.com.ar\/territorios-ancestrales\/wp-content\/uploads\/2020\/05\/suplicante.jpg 2498w, http:\/\/www.saantropologia.com.ar\/territorios-ancestrales\/wp-content\/uploads\/2020\/05\/suplicante-222x300.jpg 222w, http:\/\/www.saantropologia.com.ar\/territorios-ancestrales\/wp-content\/uploads\/2020\/05\/suplicante-768x1038.jpg 768w, http:\/\/www.saantropologia.com.ar\/territorios-ancestrales\/wp-content\/uploads\/2020\/05\/suplicante-758x1024.jpg 758w\" sizes=\"auto, (max-width: 2498px) 100vw, 2498px\" \/><\/a>\n\t\t\t<\/div><\/figure>\n\t\t<\/div>\n\n<h5>A la izquierda, dibujo de una m\u00e1scara encontrada en una tumba de Azampay, Catamarca. A la derecha, suplicante de piedra.<\/h5>\n<h3><strong>\u00a0<\/strong><strong>Espacios cargados de significados<\/strong><\/h3>\n<p>Volvamos a los monolitos. La capacidad de conservaci\u00f3n de la memoria que posee la piedra, unida a los s\u00edmbolos que pueden estar grabados en ella y al lugar de emplazamiento \u2212en lo alto, bien visible\u2212 hacen que lugares como el valle de Taf\u00ed est\u00e9n colmados de significaciones. Estas presencias de piedra transmit\u00edan, sin duda, informaci\u00f3n, y convirtieron el espacio geogr\u00e1fico en un paisaje cargado de sentidos.<\/p>\n<p>\u00bfQu\u00e9 tipo de informaci\u00f3n podr\u00edan transmitir? Quiz\u00e1 distinciones geneal\u00f3gicas (al mostrar la efigie del progenitor de un linaje), o de dominio (por ocupar cierto terreno), o generacionales (si se inauguraban o se renovaban en un cierto momento en la vida de las personas), o de protecci\u00f3n (por su presencia dominante, como vimos). Muy posiblemente, tambi\u00e9n su emplazamiento debi\u00f3 estar enmarcado en ceremonias colectivas.<\/p>\n<p><strong>Para saber m\u00e1s<\/strong><\/p>\n<p>Marisa Lazzari, Jorgelina Garc\u00eda Azc\u00e1rate y Mar\u00eda Cristina Scattolin: \u201cIm\u00e1genes, presencias, memorias. Genealog\u00eda y geograf\u00eda en la piedra durante el primer milenio D. C.\u201d, en <a href=\"http:\/\/www.saantropologia.com.ar\/wp-content\/uploads\/2016\/01\/CRONICAS-MATERIALES-PRECOLOMBINAS2015.pdf\"><em>Cr\u00f3nicas materiales precolombinas<\/em><\/a>, p\u00e1ginas 603 a 633.<\/p>\n<p>Gabriel Eduardo Miguez y Mario Alejandro Caria: \u201cPaisajes y pr\u00e1cticas sociales en las selvas meridionales de la provincia de Tucum\u00e1n (1er. milenio D.C.)\u201d, en <a href=\"http:\/\/www.saantropologia.com.ar\/wp-content\/uploads\/2016\/01\/CRONICAS-MATERIALES-PRECOLOMBINAS2015.pdf\"><em>Cr\u00f3nicas materiales precolombinas<\/em><\/a>, p\u00e1ginas 111 a 148.<\/p>\n<p><strong>Cr\u00e9ditos<\/strong><\/p>\n<p><strong>Figura con mapa y monolitos.<\/strong> Mar\u00eda Cristina Scattolin, a partir de las fuentes que se indican en cada caso. Arriba: Schreiter 1928: L\u00e1m. XIV y Bruch 1911: Fig. 1, L\u00e1m. III). Dibujo y fotograf\u00edas de los monolitos Bruch y Ambrosetti: Bruch 1911, p.9 y Fig. 2, L\u00e1m. III). Mapa: Bruch, 1911: Fig. 3, p\u00e1g. 5. Ver referencias completas en la secci\u00f3n correspondiente del\u00a0 libro base.<\/p>\n<p><strong>Suplicante.\u00a0<\/strong>Colecci\u00f3n Mustaf\u00e1, Tucum\u00e1n. Foto: Gabriel M\u00edguez.<\/p>\n","protected":false},"excerpt":{"rendered":"<p>Las comunidades prehisp\u00e1nicas evocaban a los antepasados con sumo respeto y los veneraban de diferentes maneras, algo que tambi\u00e9n se observa actualmente en muchos lugares de los Andes. En esas comunidades la importancia de los ancestros familiares era tal que interven\u00edan en las ceremonias tradicionales como si fueran participantes vivos. Varios documentos escritos en la \u00e9poca colonial contienen descripciones y comentarios al respecto, y los trabajos arqueol\u00f3gicos y etnogr\u00e1ficos [&hellip;]<\/p>\n","protected":false},"author":1,"featured_media":0,"parent":0,"menu_order":0,"comment_status":"closed","ping_status":"closed","template":"","meta":{"footnotes":""},"class_list":["post-453","page","type-page","status-publish","hentry"],"_links":{"self":[{"href":"http:\/\/www.saantropologia.com.ar\/territorios-ancestrales\/wp-json\/wp\/v2\/pages\/453","targetHints":{"allow":["GET"]}}],"collection":[{"href":"http:\/\/www.saantropologia.com.ar\/territorios-ancestrales\/wp-json\/wp\/v2\/pages"}],"about":[{"href":"http:\/\/www.saantropologia.com.ar\/territorios-ancestrales\/wp-json\/wp\/v2\/types\/page"}],"author":[{"embeddable":true,"href":"http:\/\/www.saantropologia.com.ar\/territorios-ancestrales\/wp-json\/wp\/v2\/users\/1"}],"replies":[{"embeddable":true,"href":"http:\/\/www.saantropologia.com.ar\/territorios-ancestrales\/wp-json\/wp\/v2\/comments?post=453"}],"version-history":[{"count":12,"href":"http:\/\/www.saantropologia.com.ar\/territorios-ancestrales\/wp-json\/wp\/v2\/pages\/453\/revisions"}],"predecessor-version":[{"id":1317,"href":"http:\/\/www.saantropologia.com.ar\/territorios-ancestrales\/wp-json\/wp\/v2\/pages\/453\/revisions\/1317"}],"wp:attachment":[{"href":"http:\/\/www.saantropologia.com.ar\/territorios-ancestrales\/wp-json\/wp\/v2\/media?parent=453"}],"curies":[{"name":"wp","href":"https:\/\/api.w.org\/{rel}","templated":true}]}}