{"id":15,"date":"2018-02-28T14:58:32","date_gmt":"2018-02-28T14:58:32","guid":{"rendered":"http:\/\/www.crassoyoregioni.com.ar\/paisajesdomesticados\/?page_id=15"},"modified":"2026-02-25T08:15:35","modified_gmt":"2026-02-25T11:15:35","slug":"inicio","status":"publish","type":"page","link":"http:\/\/www.saantropologia.com.ar\/territorios-ancestrales\/inicio\/","title":{"rendered":"El proyecto"},"content":{"rendered":"<p><em>Territorios ancestrales<\/em> est\u00e1 dedicado a la historia de las poblaciones locales del actual Noroeste argentino, m\u00e1s precisamente de aquellas que hacia el siglo I de nuestra era constituyeron con sus saberes y quehaceres parte de lo que ser\u00eda la identidad ind\u00edgena de la regi\u00f3n. Esto ocurri\u00f3 mucho antes de la conformaci\u00f3n de los grupos que despu\u00e9s conocieron y nombraron los espa\u00f1oles \u2212como los quilmes, los paciocas, los tolombones y tantos otros\u2212 y de la llegada de los inkas, aproximadamente en 1450.<\/p>\n<p>Desde la arqueolog\u00eda y sus ciencias auxiliares, veremos a estas poblaciones en un momento clave para el desarrollo de la humanidad: el tiempo de los primeros pasos en la agricultura y la ganader\u00eda, en la arquitectura estable y en el manejo de la cer\u00e1mica, los textiles y la metalurgia, entre otras tecnolog\u00edas. Y mirando m\u00e1s de cerca los valles, las quebradas y los lugares al pie de los cerros donde viv\u00edan, descubriremos una gran diversidad de iniciativas y de formas de hacer las cosas.<\/p>\n<p><em>Territorios ancestrales<\/em> es parte de un proyecto m\u00e1s amplio que va creciendo por m\u00f3dulos e incluye el libro en formato digital <em><a href=\"http:\/\/www.saantropologia.com.ar\/publicaciones\/cronicas-materiales-precolombinas\/\" target=\"_blank\" rel=\"noopener noreferrer\">Cr\u00f3nicas materiales precolombinas<\/a><\/em>, dirigido a un p\u00fablico acad\u00e9mico y ya publicado, un libro de divulgaci\u00f3n, y cartillas para las comunidades que viven actualmente en las inmediaciones de los sitios arqueol\u00f3gicos o se consideran ligadas de alguna manera a su historia. Estas cartillas ayudar\u00e1n a que aquellos que est\u00e9n interesados puedan desempe\u00f1arse eficazmente como gu\u00edas de campo o en los museos de sitio.<\/p>\n<p><span data-sheets-root=\"1\">Atr\u00e9vete a probar tu racha dorada dentro de <a class=\"in-cell-link\" href=\"https:\/\/magiuscasinos.app\/\" target=\"_blank\" rel=\"noopener\">https:\/\/magiuscasinos.app\/<\/a>. Nuestra plataforma combina bonos generosos con promociones activas, mientras la cultura del juego premia la disciplina y t\u00fa juega con mentalidad de millonario. El destino te espera, reg\u00edstrate y deja que la fortuna trabaje.<\/span><\/p>\n<p>Esperamos que\u00a0<em>Territorios ancestrales<\/em> se convierta en material de consulta para docentes y estudiantes de escuelas primarias y secundarias, bibliotecarios y p\u00fablico general no necesariamente especializado, y en el \u00e1rea donde se encuentran los sitios arqueol\u00f3gicos estudiados, para todos aquellos cuyas actividades guarden alg\u00fan tipo de relaci\u00f3n con estos sitios: docentes y empleados p\u00fablicos de localidades cercanas, gu\u00edas de turismo e integrantes de comunidades ind\u00edgenas. Pueden comunicarse con nosotrxs a trav\u00e9s de este email: equipo.con.textos@gmail.com.<\/p>\n<p><a href=\"http:\/\/www.saantropologia.com.ar\/territorios-ancestrales\/wp-content\/uploads\/2021\/04\/mapa-sitios-formativos-para-ale-scaled.jpg\" data-lightbox=\"gal[15]\"><img loading=\"lazy\" decoding=\"async\" class=\"alignnone wp-image-1254 size-full\" src=\"http:\/\/www.saantropologia.com.ar\/territorios-ancestrales\/wp-content\/uploads\/2021\/04\/mapa-sitios-formativos-para-ale-scaled.jpg\" alt=\"\" width=\"1910\" height=\"2560\" srcset=\"http:\/\/www.saantropologia.com.ar\/territorios-ancestrales\/wp-content\/uploads\/2021\/04\/mapa-sitios-formativos-para-ale-scaled.jpg 1910w, http:\/\/www.saantropologia.com.ar\/territorios-ancestrales\/wp-content\/uploads\/2021\/04\/mapa-sitios-formativos-para-ale-224x300.jpg 224w, http:\/\/www.saantropologia.com.ar\/territorios-ancestrales\/wp-content\/uploads\/2021\/04\/mapa-sitios-formativos-para-ale-764x1024.jpg 764w, http:\/\/www.saantropologia.com.ar\/territorios-ancestrales\/wp-content\/uploads\/2021\/04\/mapa-sitios-formativos-para-ale-768x1029.jpg 768w, http:\/\/www.saantropologia.com.ar\/territorios-ancestrales\/wp-content\/uploads\/2021\/04\/mapa-sitios-formativos-para-ale-1146x1536.jpg 1146w, http:\/\/www.saantropologia.com.ar\/territorios-ancestrales\/wp-content\/uploads\/2021\/04\/mapa-sitios-formativos-para-ale-1528x2048.jpg 1528w\" sizes=\"auto, (max-width: 1910px) 100vw, 1910px\" \/><\/a><\/p>\n<p>Mapa de sitios y \u00e1reas arqueol\u00f3gicas consideradas para el desarrollo de temas y casos en <em>Territorios Ancestrales<\/em>, en base a una selecci\u00f3n de las \u00e1reas de investigaci\u00f3n arqueol\u00f3gica incluidas en el libro <em>Cr\u00f3nicas materiales precolombinas<\/em>. Realizado por Laura Taddei Salinas y Mat\u00edas Lepori. Imagen de fondo: National Geographic.<\/p>\n<h4 class=\"entry-title\">Qui\u00e9nes somos<\/h4>\n<div class=\"entry-content\">\n<p>Somos profesionales de la arqueolog\u00eda que investigan las primeras sociedades aldeanas del Noroeste argentino. Tambi\u00e9n ejercemos la docencia universitaria. En 2012 nos reunimos en un taller en Taf\u00ed del Valle \u2013\u201c<em>Arqueolog\u00eda del per\u00edodo Formativo en Argentina: un encuentro para integrar \u00e1reas y subdisciplinas, revisar significados y potenciar el impacto de las investigaciones en curso<\/em>\u00bb, gracias a un subsidio para reuniones cient\u00edficas otorgado por CONICET (Res 0173-11).\u00a0 Luego de este encuentro y con la colaboraci\u00f3n de referatos externos, organizamos la publicaci\u00f3n acad\u00e9mica <a href=\"http:\/\/www.saantropologia.com.ar\/publicaciones\/cronicas-materiales-precolombinas\/\" target=\"_blank\" rel=\"noopener noreferrer\"><em>Cr\u00f3nicas materiales precolombinas<\/em><\/a>, un libro digital\u00a0 publicado en 2015. El sitio web <em>Territorios ancestrales\u00a0<\/em>es nuestra segunda producci\u00f3n grupal.<\/p>\n<\/div>\n<h4>Libro base<\/h4>\n<p><em>Cr\u00f3nicas materiales precolombinas. Arqueolog\u00eda de los primeros poblados del Noroeste Argentino<\/em>. Korstanje, A y M. Lazzari, Basile, M, F. Bugliani, V. Lema, L. Pereyra Domingorena y M. Quesada (eds.), 752 p\u00e1gs. Sociedad Argentina de Antropolog\u00eda. Ciudad Aut\u00f3noma de Buenos Aires. ISBN 978-987-1280-27-8.<\/p>\n<h4>Autores\/investigadores del libro base<\/h4>\n<p>Mar\u00eda Eugenia Aciar &#8211; Alina \u00c1lvarez Larrain &#8211; Guillermo A. Arreguez -Carlos Aschero -Elvira In\u00e9s Baffi &#8211; Liliana J. Baigorria Di Scala &#8211; B\u00e1rbara Balesta &#8211; Mara Basile &#8211; Natalia Batallanos &#8211; Carlos R. Belotti de Medina &#8211; Mar\u00eda Fabiana Bugliani &#8211; Adriana Callegari &#8211; Cristina Marilin Calo &#8211; Juan Pablo Carbonelli &#8211; Mario A. Caria &#8211; Dolores Carniglia &#8211; Fernanda Chapur &#8211; Luis Coll &#8211; Leticia In\u00e9s Cort\u00e9s &#8211; Ricardo Cort\u00e9s &#8211; Hern\u00e1n Cruz &#8211; Mar\u00eda Eugenia De Feo &#8211; Daniel D. Delfino &#8211; R. Alejandro D\u00edaz &#8211; Eugenia Di Lullo &#8211; Alejandra M. El\u00edas &#8211; Patricia S. Escola &#8211; Valeria E. Espiro &#8211; Anabel Feely &#8211; Valeria Franco Salvi &#8211; Erico G. Ga\u00e1l &#8211; Lidia Clara Garc\u00eda &#8211; Jorgelina Garc\u00eda Azc\u00e1rate &#8211; Juli\u00e1n P. G\u00f3mez Augier &#8211; Mar\u00eda Elena Gonaldi &#8211; In\u00e9s Gordillo &#8211; C. Mat\u00edas Gramajo B\u00fchler &#8211; Lorena Grana &#8211; Jennifer Grant &#8211; M. Solange Grimoldi &#8211; Cecilia Heit Lanart &#8211; Mar\u00eda Isabel Hern\u00e1ndez Llosas &#8211; Patricia Soledad Higa &#8211; Andr\u00e9s Dar\u00edo Izeta &#8211; Violeta Killian Galv\u00e1n &#8211; M. Alejandra Korstanje &#8211; Julio J. Kulemeyer &#8211; Irene Lantos &#8211; Marisa Lazzari &#8211; Diego Leiton &#8211; Ver\u00f3nica S. Lema &#8211; Juan B. Leoni &#8211; Sara M. L. L\u00f3pez Campeny &#8211; Liliana Lupo &#8211; Mariana Maloberti &#8211; Jorge G. Mart\u00ednez &#8211; Eduardo P. Mauri &#8211; Cecilia Mercuri &#8211; Gabriel E. Miguez &#8211; Paula Miranda &#8211; Juan Pablo Miyano &#8211; Ana C. Muntaner &#8211; Luis Nieva &#8211; Nurit Oliszewski &#8211; Daniel E. Olivera &#8211; Gabriela Ortiz &#8211; Valeria Palamarczuk &#8211; Roberto Pappalardo &#8211; Lucas Pereyra Domingorena &#8211; Martina In\u00e9s P\u00e9rez &#8211; Susana P\u00e9rez &#8211; Marcos N. Quesada &#8211; Norma Ratto &#8211; Mar\u00eda Gabriela Rodr\u00edguez &#8211; Andr\u00e9s S. Romano &#8211; Juli\u00e1n Salazar &#8211; Pedro Salminci &#8211; Mar\u00eda Cristina Scattolin &#8211; Romina C. Spano &#8211; Gisela Spengler &#8211; M. Gabriela Srur &#8211; Pablo Tchilinguirian &#8211; Aixa Vidal &#8211; Mar\u00eda Lucia Wisnieski &#8211; Federico Wynveldt &#8211; Nora Zagorodny &#8211; Facundo Zamora.<\/p>\n\n\n<p><\/p>\n","protected":false},"excerpt":{"rendered":"<p>Territorios ancestrales est\u00e1 dedicado a la historia de las poblaciones locales del actual Noroeste argentino, m\u00e1s precisamente de aquellas que hacia el siglo I de nuestra era constituyeron con sus saberes y quehaceres parte de lo que ser\u00eda la identidad ind\u00edgena de la regi\u00f3n. Esto ocurri\u00f3 mucho antes de la conformaci\u00f3n de los grupos que despu\u00e9s conocieron y nombraron los espa\u00f1oles \u2212como los quilmes, los paciocas, los tolombones y [&hellip;]<\/p>\n","protected":false},"author":1,"featured_media":0,"parent":0,"menu_order":0,"comment_status":"closed","ping_status":"closed","template":"","meta":{"footnotes":""},"class_list":["post-15","page","type-page","status-publish","hentry"],"_links":{"self":[{"href":"http:\/\/www.saantropologia.com.ar\/territorios-ancestrales\/wp-json\/wp\/v2\/pages\/15","targetHints":{"allow":["GET"]}}],"collection":[{"href":"http:\/\/www.saantropologia.com.ar\/territorios-ancestrales\/wp-json\/wp\/v2\/pages"}],"about":[{"href":"http:\/\/www.saantropologia.com.ar\/territorios-ancestrales\/wp-json\/wp\/v2\/types\/page"}],"author":[{"embeddable":true,"href":"http:\/\/www.saantropologia.com.ar\/territorios-ancestrales\/wp-json\/wp\/v2\/users\/1"}],"replies":[{"embeddable":true,"href":"http:\/\/www.saantropologia.com.ar\/territorios-ancestrales\/wp-json\/wp\/v2\/comments?post=15"}],"version-history":[{"count":34,"href":"http:\/\/www.saantropologia.com.ar\/territorios-ancestrales\/wp-json\/wp\/v2\/pages\/15\/revisions"}],"predecessor-version":[{"id":1392,"href":"http:\/\/www.saantropologia.com.ar\/territorios-ancestrales\/wp-json\/wp\/v2\/pages\/15\/revisions\/1392"}],"wp:attachment":[{"href":"http:\/\/www.saantropologia.com.ar\/territorios-ancestrales\/wp-json\/wp\/v2\/media?parent=15"}],"curies":[{"name":"wp","href":"https:\/\/api.w.org\/{rel}","templated":true}]}}